{"id":321,"date":"2016-11-22T12:24:13","date_gmt":"2016-11-22T11:24:13","guid":{"rendered":"http:\/\/sp-popowice.starysacz.edu.pl\/?page_id=321"},"modified":"2018-09-12T22:26:44","modified_gmt":"2018-09-12T20:26:44","slug":"dziennik-elektroniczny","status":"publish","type":"page","link":"https:\/\/sp-popowice.starysacz.edu.pl\/index.php\/dziennik-elektroniczny\/","title":{"rendered":"E-Dziennik"},"content":{"rendered":"<p><span style=\"font-size: 18pt;\"><a href=\"https:\/\/synergia.librus.pl\/loguj\"><img loading=\"lazy\" decoding=\"async\" class=\"alignnone size-medium wp-image-322\" src=\"http:\/\/sp-popowice.starysacz.edu.pl\/wp-content\/uploads\/2016\/11\/Synergia-logo-300x98.png\" alt=\"synergia-logo\" width=\"300\" height=\"98\" srcset=\"https:\/\/sp-popowice.starysacz.edu.pl\/wp-content\/uploads\/2016\/11\/Synergia-logo-300x98.png 300w, https:\/\/sp-popowice.starysacz.edu.pl\/wp-content\/uploads\/2016\/11\/Synergia-logo-360x118.png 360w, https:\/\/sp-popowice.starysacz.edu.pl\/wp-content\/uploads\/2016\/11\/Synergia-logo.png 650w\" sizes=\"(max-width: 300px) 100vw, 300px\" \/><\/a><\/span><\/p>\n<p><span style=\"font-size: 18pt; color: #000000;\"><strong>Gdyby kto\u015b z rodzic\u00f3w lub uczni\u00f3w nie mia\u0142 loginu i has\u0142a\u00a0dost\u0119pu do e-dziennika lub je zagubi\u0142 powinien o nowe dane zg\u0142osi\u0107 si\u0119 do wychowawcy swojego dziecka lub do Pani Dyrektor.<\/strong><\/span><\/p>\n<p><span style=\"border-radius: 2px; text-indent: 20px; width: auto; padding: 0px 4px 0px 0px; text-align: center; font: bold 18pt\/20px 'Helvetica Neue', Helvetica, sans-serif; color: #ffffff; background: 3px 50% \/ 14px 14px no-repeat scroll #bd081c; position: absolute; opacity: 1; z-index: 8675309; display: none; cursor: pointer;\">Zapisz<\/span><\/p>\n<p><span style=\"border-radius: 2px; text-indent: 20px; width: auto; padding: 0px 4px 0px 0px; text-align: center; font: bold 18pt\/20px 'Helvetica Neue', Helvetica, sans-serif; color: #ffffff; background: 3px 50% \/ 14px 14px no-repeat scroll #bd081c; position: absolute; opacity: 1; z-index: 8675309; display: none; cursor: pointer;\">Zapisz<\/span><\/p>\n","protected":false},"excerpt":{"rendered":"<p>Gdyby kto\u015b z rodzic\u00f3w lub uczni\u00f3w nie mia\u0142 loginu i has\u0142a\u00a0dost\u0119pu do e-dziennika lub je zagubi\u0142 powinien o nowe dane zg\u0142osi\u0107 si\u0119 do wychowawcy swojego dziecka lub do Pani Dyrektor. Zapisz Zapisz<\/p>\n","protected":false},"author":3,"featured_media":0,"parent":0,"menu_order":0,"comment_status":"closed","ping_status":"closed","template":"","meta":{"footnotes":""},"_links":{"self":[{"href":"https:\/\/sp-popowice.starysacz.edu.pl\/index.php\/wp-json\/wp\/v2\/pages\/321"}],"collection":[{"href":"https:\/\/sp-popowice.starysacz.edu.pl\/index.php\/wp-json\/wp\/v2\/pages"}],"about":[{"href":"https:\/\/sp-popowice.starysacz.edu.pl\/index.php\/wp-json\/wp\/v2\/types\/page"}],"author":[{"embeddable":true,"href":"https:\/\/sp-popowice.starysacz.edu.pl\/index.php\/wp-json\/wp\/v2\/users\/3"}],"replies":[{"embeddable":true,"href":"https:\/\/sp-popowice.starysacz.edu.pl\/index.php\/wp-json\/wp\/v2\/comments?post=321"}],"version-history":[{"count":4,"href":"https:\/\/sp-popowice.starysacz.edu.pl\/index.php\/wp-json\/wp\/v2\/pages\/321\/revisions"}],"predecessor-version":[{"id":1245,"href":"https:\/\/sp-popowice.starysacz.edu.pl\/index.php\/wp-json\/wp\/v2\/pages\/321\/revisions\/1245"}],"wp:attachment":[{"href":"https:\/\/sp-popowice.starysacz.edu.pl\/index.php\/wp-json\/wp\/v2\/media?parent=321"}],"curies":[{"name":"wp","href":"https:\/\/api.w.org\/{rel}","templated":true}]}}